{"id":580,"date":"2020-08-27T18:26:53","date_gmt":"2020-08-27T16:26:53","guid":{"rendered":"http:\/\/lesateliersdelena.site\/?page_id=580"},"modified":"2025-05-13T09:55:19","modified_gmt":"2025-05-13T07:55:19","slug":"cours-huile-adulte","status":"publish","type":"page","link":"https:\/\/lesateliersdelena.net\/index.php\/cours-beaux-arts\/cours-huile-adulte\/","title":{"rendered":"Cours HUILE Adulte"},"content":{"rendered":"\n<div class=\"wp-block-image\"><figure class=\"alignleft size-large is-resized\"><img loading=\"lazy\" src=\"http:\/\/lesateliersdelena.net\/wp-content\/uploads\/2020\/08\/DSC_0526X-2-668x1024.jpg\" alt=\"\" class=\"wp-image-586\" width=\"272\" height=\"417\" srcset=\"https:\/\/lesateliersdelena.net\/wp-content\/uploads\/2020\/08\/DSC_0526X-2-668x1024.jpg 668w, https:\/\/lesateliersdelena.net\/wp-content\/uploads\/2020\/08\/DSC_0526X-2-196x300.jpg 196w, https:\/\/lesateliersdelena.net\/wp-content\/uploads\/2020\/08\/DSC_0526X-2-768x1177.jpg 768w, https:\/\/lesateliersdelena.net\/wp-content\/uploads\/2020\/08\/DSC_0526X-2.jpg 956w\" sizes=\"(max-width: 272px) 100vw, 272px\" \/><\/figure><\/div>\n\n\n\n<p class=\"has-white-color has-text-color has-background\" style=\"background-color:#931111;font-size:29px\">HUILE Adulte<\/p>\n\n\n\n<p>Voil\u00e0 une technique qui ne s&rsquo;improvise pas&#8230;<\/p>\n\n\n\n<p>Votre professeur vous guide et vous permet de toujours vous am\u00e9liorer.<\/p>\n\n\n\n<p>Les cours ADULTES annuels PEINTURE \u00e0 l&rsquo;HUILE sont organis\u00e9s sur15 s\u00e9ances de 3h, r\u00e9partis d&rsquo;Octobre \u00e0 Juin, 1 semaine sur 2 et&nbsp; hors vacances scolaires.&nbsp;<\/p>\n\n\n\n<p>TOUT NIVEAU : D\u00e9butant Initi\u00e9 ou Confirm\u00e9<\/p>\n\n\n\n<div class=\"wp-block-buttons\">\n<div class=\"wp-block-button\"><a class=\"wp-block-button__link has-blush-bordeaux-gradient-background has-background\" href=\"http:\/\/lesateliersdelena.net\/index.php\/cours-beaux-arts\/cours-huile-adulte\/galerie-photo-huile\/\" target=\"_blank\" rel=\"noreferrer noopener\">La Galerie Photos, c&rsquo;est ICI&#8230;<\/a><\/div>\n<\/div>\n\n\n\n<p><\/p>\n\n\n\n<figure class=\"wp-block-table is-style-regular\"><table class=\"has-background\" style=\"background-color:#f3f4f5\"><thead><tr><th class=\"has-text-align-center\" data-align=\"center\"><span class=\"has-inline-color has-vivid-red-color\"><strong>HUILE ADULTE<\/strong><\/span><\/th><th class=\"has-text-align-center\" data-align=\"center\"><em>Jour<\/em><\/th><th class=\"has-text-align-center\" data-align=\"center\">Horaires<\/th><th class=\"has-text-align-center\" data-align=\"center\">Tarif<\/th><\/tr><\/thead><tbody><tr><td class=\"has-text-align-center\" data-align=\"center\"><img loading=\"lazy\" width=\"2056\" height=\"2058\" class=\"wp-image-620\" style=\"width: 70px;\" src=\"http:\/\/lesateliersdelena.net\/wp-content\/uploads\/2020\/08\/DSC_0216.jpg\" alt=\"\" srcset=\"https:\/\/lesateliersdelena.net\/wp-content\/uploads\/2020\/08\/DSC_0216.jpg 2056w, https:\/\/lesateliersdelena.net\/wp-content\/uploads\/2020\/08\/DSC_0216-300x300.jpg 300w, https:\/\/lesateliersdelena.net\/wp-content\/uploads\/2020\/08\/DSC_0216-1024x1024.jpg 1024w, https:\/\/lesateliersdelena.net\/wp-content\/uploads\/2020\/08\/DSC_0216-150x150.jpg 150w, https:\/\/lesateliersdelena.net\/wp-content\/uploads\/2020\/08\/DSC_0216-768x769.jpg 768w, https:\/\/lesateliersdelena.net\/wp-content\/uploads\/2020\/08\/DSC_0216-1536x1536.jpg 1536w, https:\/\/lesateliersdelena.net\/wp-content\/uploads\/2020\/08\/DSC_0216-2046x2048.jpg 2046w\" sizes=\"(max-width: 2056px) 100vw, 2056px\" \/><\/td><td class=\"has-text-align-center\" data-align=\"center\"><strong><em>Mardi<\/em><\/strong><\/td><td class=\"has-text-align-center\" data-align=\"center\">14h &#8211; 17h<\/td><td class=\"has-text-align-center\" data-align=\"center\"><span class=\"has-inline-color has-vivid-red-color\">460 euros<\/span><br>(10.2 euros\/h)<\/td><\/tr><\/tbody><\/table><\/figure>\n\n\n\n<p>Tous les<strong> mat\u00e9riels&nbsp; (pinceaux, pigment huile, etc.)<\/strong> sont disponibles \u00e0 l\u2019atelier. Les <strong>supports (ch\u00e2ssis)<\/strong> sont \u00e0 la charge de l\u2019\u00e9l\u00e8ve.<\/p>\n\n\n\n<ul><li>Nombre minimum d\u2019\u00e9l\u00e8ves par cours : 4<\/li><li>Nombre maximum d\u2019\u00e9l\u00e8ves par cours : 8.<\/li><\/ul>\n\n\n\n<p>Les Ateliers de L\u00e9Na se r\u00e9servent le droit d\u2019annuler un cours annonc\u00e9 si le nombre d\u2019inscrits est inf\u00e9rieur au minimum fix\u00e9.&nbsp;<\/p>\n\n\n\n<div class=\"wp-block-buttons\">\n<div class=\"wp-block-button\"><a class=\"wp-block-button__link has-vivid-cyan-blue-to-vivid-purple-gradient-background has-background\" href=\"http:\/\/lesateliersdelena.net\/index.php\/cours-beaux-arts\/cours-huile-adulte\/planning-huile-adulte\/\" target=\"_blank\" rel=\"noreferrer noopener\">Les Plannings HUILE Adulte, c&rsquo;est ICI&#8230;<\/a><\/div>\n<\/div>\n","protected":false},"excerpt":{"rendered":"<p>HUILE Adulte Voil\u00e0 une technique qui ne s&rsquo;improvise pas&#8230; Votre professeur vous guide et vous permet de toujours vous am\u00e9liorer. Les cours ADULTES annuels PEINTURE \u00e0 l&rsquo;HUILE sont organis\u00e9s sur15 s\u00e9ances de 3h, r\u00e9partis d&rsquo;Octobre \u00e0 Juin, 1 semaine sur 2 et&nbsp; hors vacances scolaires.&nbsp; TOUT NIVEAU : D\u00e9butant Initi\u00e9 ou Confirm\u00e9 HUILE ADULTE Jour [&hellip;]<\/p>\n","protected":false},"author":1,"featured_media":0,"parent":375,"menu_order":3,"comment_status":"closed","ping_status":"closed","template":"","meta":[],"_links":{"self":[{"href":"https:\/\/lesateliersdelena.net\/index.php\/wp-json\/wp\/v2\/pages\/580"}],"collection":[{"href":"https:\/\/lesateliersdelena.net\/index.php\/wp-json\/wp\/v2\/pages"}],"about":[{"href":"https:\/\/lesateliersdelena.net\/index.php\/wp-json\/wp\/v2\/types\/page"}],"author":[{"embeddable":true,"href":"https:\/\/lesateliersdelena.net\/index.php\/wp-json\/wp\/v2\/users\/1"}],"replies":[{"embeddable":true,"href":"https:\/\/lesateliersdelena.net\/index.php\/wp-json\/wp\/v2\/comments?post=580"}],"version-history":[{"count":29,"href":"https:\/\/lesateliersdelena.net\/index.php\/wp-json\/wp\/v2\/pages\/580\/revisions"}],"predecessor-version":[{"id":3005,"href":"https:\/\/lesateliersdelena.net\/index.php\/wp-json\/wp\/v2\/pages\/580\/revisions\/3005"}],"up":[{"embeddable":true,"href":"https:\/\/lesateliersdelena.net\/index.php\/wp-json\/wp\/v2\/pages\/375"}],"wp:attachment":[{"href":"https:\/\/lesateliersdelena.net\/index.php\/wp-json\/wp\/v2\/media?parent=580"}],"curies":[{"name":"wp","href":"https:\/\/api.w.org\/{rel}","templated":true}]}}