{"id":367,"date":"2020-06-02T17:58:07","date_gmt":"2020-06-02T15:58:07","guid":{"rendered":"http:\/\/lesateliersdelena.site\/?page_id=367"},"modified":"2021-08-25T11:07:45","modified_gmt":"2021-08-25T09:07:45","slug":"encadremen-sur-mesure","status":"publish","type":"page","link":"https:\/\/lesateliersdelena.net\/index.php\/encadremen-sur-mesure\/","title":{"rendered":"Encadrement sur mesure"},"content":{"rendered":"\n<div class=\"wp-block-image\"><figure class=\"alignleft size-medium is-resized\"><img loading=\"lazy\" src=\"http:\/\/lesateliersdelena.net\/wp-content\/uploads\/2020\/10\/CM-copie-copiepetit-218x300.jpg\" alt=\"\" class=\"wp-image-1469\" width=\"345\" height=\"476\" srcset=\"https:\/\/lesateliersdelena.net\/wp-content\/uploads\/2020\/10\/CM-copie-copiepetit-218x300.jpg 218w, https:\/\/lesateliersdelena.net\/wp-content\/uploads\/2020\/10\/CM-copie-copiepetit-744x1024.jpg 744w, https:\/\/lesateliersdelena.net\/wp-content\/uploads\/2020\/10\/CM-copie-copiepetit-768x1057.jpg 768w, https:\/\/lesateliersdelena.net\/wp-content\/uploads\/2020\/10\/CM-copie-copiepetit-1116x1536.jpg 1116w, https:\/\/lesateliersdelena.net\/wp-content\/uploads\/2020\/10\/CM-copie-copiepetit.jpg 1485w\" sizes=\"(max-width: 345px) 100vw, 345px\" \/><\/figure><\/div>\n\n\n\n<p class=\"has-white-color has-text-color has-background\" style=\"background-color:#992323\"><strong>ARTISANAT D&rsquo;ART<\/strong><\/p>\n\n\n\n<p style=\"font-size:22px\">&nbsp;Aux Ateliers de L\u00e9Na, vous trouverez aussi la possibilit\u00e9 de faire r\u00e9aliser  <strong><span style=\"color:#992323\" class=\"has-inline-color\">Vos Travaux d&rsquo; Encadrement sur Mesure <\/span><\/strong>, par une encadreuse professionnelle, dipl\u00f4m\u00e9e :<\/p>\n\n\n\n<p class=\"has-medium-font-size\">Nathalie L\u00e9on vous conseille dans le choix des baguettes, vous propose des mises en valeur de vos \u0153uvres, en respectant les r\u00e8gles de conservation. Les devis sont gratuits. <\/p>\n\n\n\n<p>Rendez-Vous aux Ateliers, pour prendre le temps de discuter de votre projet&#8230;<\/p>\n\n\n\n<div class=\"wp-block-buttons\">\n<div class=\"wp-block-button\"><a class=\"wp-block-button__link has-white-color has-blush-bordeaux-gradient-background has-text-color has-background\" href=\"http:\/\/lesateliersdelena.net\/index.php\/contact\/\" target=\"_blank\" rel=\"noreferrer noopener\"><strong>Pour convenir d&rsquo;un Rendez-Vous, c&rsquo;est ICI&#8230; <\/strong><\/a><\/div>\n<\/div>\n\n\n\n<p><\/p>\n\n\n\n<p>_________________________________________________________________________________________________________<\/p>\n\n\n\n<div class=\"wp-block-image\"><figure class=\"alignleft size-medium is-resized\"><img loading=\"lazy\" src=\"http:\/\/lesateliersdelena.net\/wp-content\/uploads\/2020\/10\/DSCN2579-copie-5-227x300.jpg\" alt=\"\" class=\"wp-image-1503\" width=\"113\" height=\"150\" srcset=\"https:\/\/lesateliersdelena.net\/wp-content\/uploads\/2020\/10\/DSCN2579-copie-5-227x300.jpg 227w, https:\/\/lesateliersdelena.net\/wp-content\/uploads\/2020\/10\/DSCN2579-copie-5-775x1024.jpg 775w, https:\/\/lesateliersdelena.net\/wp-content\/uploads\/2020\/10\/DSCN2579-copie-5-768x1015.jpg 768w, https:\/\/lesateliersdelena.net\/wp-content\/uploads\/2020\/10\/DSCN2579-copie-5-1162x1536.jpg 1162w, https:\/\/lesateliersdelena.net\/wp-content\/uploads\/2020\/10\/DSCN2579-copie-5-1549x2048.jpg 1549w, https:\/\/lesateliersdelena.net\/wp-content\/uploads\/2020\/10\/DSCN2579-copie-5-480x640.jpg 480w, https:\/\/lesateliersdelena.net\/wp-content\/uploads\/2020\/10\/DSCN2579-copie-5.jpg 1577w\" sizes=\"(max-width: 113px) 100vw, 113px\" \/><figcaption><strong>Sublimer une \u0152uvre<\/strong><\/figcaption><\/figure><\/div>\n\n\n\n<div class=\"wp-block-image\"><figure class=\"alignleft size-medium is-resized\"><img loading=\"lazy\" src=\"http:\/\/lesateliersdelena.net\/wp-content\/uploads\/2020\/10\/B-6-275x300.jpg\" alt=\"\" class=\"wp-image-1502\" width=\"137\" height=\"150\" srcset=\"https:\/\/lesateliersdelena.net\/wp-content\/uploads\/2020\/10\/B-6-275x300.jpg 275w, https:\/\/lesateliersdelena.net\/wp-content\/uploads\/2020\/10\/B-6-940x1024.jpg 940w, https:\/\/lesateliersdelena.net\/wp-content\/uploads\/2020\/10\/B-6-768x837.jpg 768w, https:\/\/lesateliersdelena.net\/wp-content\/uploads\/2020\/10\/B-6-1410x1536.jpg 1410w, https:\/\/lesateliersdelena.net\/wp-content\/uploads\/2020\/10\/B-6-1880x2048.jpg 1880w, https:\/\/lesateliersdelena.net\/wp-content\/uploads\/2020\/10\/B-6.jpg 2018w\" sizes=\"(max-width: 137px) 100vw, 137px\" \/><figcaption><strong>Mettre en Valeur une Broderie<\/strong><\/figcaption><\/figure><\/div>\n\n\n\n<div class=\"wp-block-image\"><figure class=\"alignleft size-medium is-resized\"><img loading=\"lazy\" src=\"http:\/\/lesateliersdelena.net\/wp-content\/uploads\/2020\/10\/DSCN2422-copie-260x300.jpg\" alt=\"\" class=\"wp-image-1512\" width=\"129\" height=\"150\" srcset=\"https:\/\/lesateliersdelena.net\/wp-content\/uploads\/2020\/10\/DSCN2422-copie-260x300.jpg 260w, https:\/\/lesateliersdelena.net\/wp-content\/uploads\/2020\/10\/DSCN2422-copie-886x1024.jpg 886w, https:\/\/lesateliersdelena.net\/wp-content\/uploads\/2020\/10\/DSCN2422-copie-768x888.jpg 768w, https:\/\/lesateliersdelena.net\/wp-content\/uploads\/2020\/10\/DSCN2422-copie-1329x1536.jpg 1329w, https:\/\/lesateliersdelena.net\/wp-content\/uploads\/2020\/10\/DSCN2422-copie-1772x2048.jpg 1772w, https:\/\/lesateliersdelena.net\/wp-content\/uploads\/2020\/10\/DSCN2422-copie.jpg 1874w\" sizes=\"(max-width: 129px) 100vw, 129px\" \/><figcaption><strong>Conserver une Aquarelle <\/strong><\/figcaption><\/figure><\/div>\n\n\n\n<div class=\"wp-block-image\"><figure class=\"alignleft size-medium is-resized\"><img loading=\"lazy\" src=\"http:\/\/lesateliersdelena.net\/wp-content\/uploads\/2020\/10\/20190718_173400-182x300.jpg\" alt=\"\" class=\"wp-image-1554\" width=\"91\" height=\"150\" srcset=\"https:\/\/lesateliersdelena.net\/wp-content\/uploads\/2020\/10\/20190718_173400-182x300.jpg 182w, https:\/\/lesateliersdelena.net\/wp-content\/uploads\/2020\/10\/20190718_173400-622x1024.jpg 622w, https:\/\/lesateliersdelena.net\/wp-content\/uploads\/2020\/10\/20190718_173400-768x1265.jpg 768w, https:\/\/lesateliersdelena.net\/wp-content\/uploads\/2020\/10\/20190718_173400-932x1536.jpg 932w, https:\/\/lesateliersdelena.net\/wp-content\/uploads\/2020\/10\/20190718_173400-1243x2048.jpg 1243w, https:\/\/lesateliersdelena.net\/wp-content\/uploads\/2020\/10\/20190718_173400-scaled.jpg 1554w\" sizes=\"(max-width: 91px) 100vw, 91px\" \/><figcaption><strong>Prot\u00e9ger une Gravure<\/strong><\/figcaption><\/figure><\/div>\n\n\n\n<div class=\"wp-block-image\"><figure class=\"alignleft size-medium is-resized\"><img loading=\"lazy\" src=\"http:\/\/lesateliersdelena.net\/wp-content\/uploads\/2020\/10\/Rose-BF-4-297x300.jpg\" alt=\"\" class=\"wp-image-1505\" width=\"149\" height=\"150\" srcset=\"https:\/\/lesateliersdelena.net\/wp-content\/uploads\/2020\/10\/Rose-BF-4-297x300.jpg 297w, https:\/\/lesateliersdelena.net\/wp-content\/uploads\/2020\/10\/Rose-BF-4-1014x1024.jpg 1014w, https:\/\/lesateliersdelena.net\/wp-content\/uploads\/2020\/10\/Rose-BF-4-150x150.jpg 150w, https:\/\/lesateliersdelena.net\/wp-content\/uploads\/2020\/10\/Rose-BF-4-768x776.jpg 768w, https:\/\/lesateliersdelena.net\/wp-content\/uploads\/2020\/10\/Rose-BF-4-1521x1536.jpg 1521w, https:\/\/lesateliersdelena.net\/wp-content\/uploads\/2020\/10\/Rose-BF-4.jpg 1613w\" sizes=\"(max-width: 149px) 100vw, 149px\" \/><figcaption><strong>Offrir un Ecrin \u00e0 un Objet, un Bijou..<\/strong>.<\/figcaption><\/figure><\/div>\n\n\n\n<div class=\"wp-block-image\"><figure class=\"alignleft size-medium is-resized\"><img loading=\"lazy\" src=\"http:\/\/lesateliersdelena.net\/wp-content\/uploads\/2020\/10\/DSC_0111-copie-2-272x300.jpg\" alt=\"\" class=\"wp-image-1526\" width=\"135\" height=\"150\" srcset=\"https:\/\/lesateliersdelena.net\/wp-content\/uploads\/2020\/10\/DSC_0111-copie-2-272x300.jpg 272w, https:\/\/lesateliersdelena.net\/wp-content\/uploads\/2020\/10\/DSC_0111-copie-2-929x1024.jpg 929w, https:\/\/lesateliersdelena.net\/wp-content\/uploads\/2020\/10\/DSC_0111-copie-2-768x847.jpg 768w, https:\/\/lesateliersdelena.net\/wp-content\/uploads\/2020\/10\/DSC_0111-copie-2-1393x1536.jpg 1393w, https:\/\/lesateliersdelena.net\/wp-content\/uploads\/2020\/10\/DSC_0111-copie-2-1858x2048.jpg 1858w\" sizes=\"(max-width: 135px) 100vw, 135px\" \/><figcaption><strong>Mettre en Valeur L&rsquo;Artiste<\/strong><\/figcaption><\/figure><\/div>\n\n\n\n<div class=\"wp-block-image\"><figure class=\"alignleft size-medium is-resized\"><img loading=\"lazy\" src=\"http:\/\/lesateliersdelena.net\/wp-content\/uploads\/2020\/10\/20190917_142525-175x300.jpg\" alt=\"\" class=\"wp-image-1557\" width=\"88\" height=\"150\" srcset=\"https:\/\/lesateliersdelena.net\/wp-content\/uploads\/2020\/10\/20190917_142525-175x300.jpg 175w, https:\/\/lesateliersdelena.net\/wp-content\/uploads\/2020\/10\/20190917_142525-598x1024.jpg 598w, https:\/\/lesateliersdelena.net\/wp-content\/uploads\/2020\/10\/20190917_142525-768x1314.jpg 768w, https:\/\/lesateliersdelena.net\/wp-content\/uploads\/2020\/10\/20190917_142525-897x1536.jpg 897w, https:\/\/lesateliersdelena.net\/wp-content\/uploads\/2020\/10\/20190917_142525-1197x2048.jpg 1197w, https:\/\/lesateliersdelena.net\/wp-content\/uploads\/2020\/10\/20190917_142525.jpg 1480w\" sizes=\"(max-width: 88px) 100vw, 88px\" \/><figcaption><strong>Mettre en Sc\u00e8ne un Souvenir<\/strong><\/figcaption><\/figure><\/div>\n\n\n\n<p><\/p>\n\n\n\n<div class=\"wp-block-image\"><figure class=\"aligncenter size-large is-resized\"><img loading=\"lazy\" src=\"http:\/\/lesateliersdelena.net\/wp-content\/uploads\/2020\/10\/20200617_103753-4-1024x498.jpg\" alt=\"\" class=\"wp-image-1504\" width=\"614\" height=\"298\" srcset=\"https:\/\/lesateliersdelena.net\/wp-content\/uploads\/2020\/10\/20200617_103753-4-1024x498.jpg 1024w, https:\/\/lesateliersdelena.net\/wp-content\/uploads\/2020\/10\/20200617_103753-4-300x146.jpg 300w, https:\/\/lesateliersdelena.net\/wp-content\/uploads\/2020\/10\/20200617_103753-4-768x374.jpg 768w, https:\/\/lesateliersdelena.net\/wp-content\/uploads\/2020\/10\/20200617_103753-4-1536x747.jpg 1536w, https:\/\/lesateliersdelena.net\/wp-content\/uploads\/2020\/10\/20200617_103753-4-2048x996.jpg 2048w\" sizes=\"(max-width: 614px) 100vw, 614px\" \/><\/figure><\/div>\n\n\n\n<p class=\"has-text-align-center has-medium-font-size\"><strong>Offrir une seconde vie aux \u0153uvres ou objets pr\u00e9cieux,&nbsp;pour en profiter pleinement et quotidiennement&#8230;..,  Voici l&rsquo; objectif de l&rsquo;encadreur<\/strong><\/p>\n\n\n\n<figure class=\"wp-block-gallery columns-6 is-cropped\"><ul class=\"blocks-gallery-grid\"><li class=\"blocks-gallery-item\"><figure><img loading=\"lazy\" width=\"685\" height=\"1024\" src=\"http:\/\/lesateliersdelena.net\/wp-content\/uploads\/2020\/10\/DSC_0229petit-685x1024.jpg\" alt=\"\" data-id=\"1570\" data-link=\"http:\/\/lesateliersdelena.net\/index.php\/encadremen-sur-mesure\/dsc_0229petit\/#main\" class=\"wp-image-1570\" srcset=\"https:\/\/lesateliersdelena.net\/wp-content\/uploads\/2020\/10\/DSC_0229petit-685x1024.jpg 685w, https:\/\/lesateliersdelena.net\/wp-content\/uploads\/2020\/10\/DSC_0229petit-201x300.jpg 201w, https:\/\/lesateliersdelena.net\/wp-content\/uploads\/2020\/10\/DSC_0229petit-768x1147.jpg 768w, https:\/\/lesateliersdelena.net\/wp-content\/uploads\/2020\/10\/DSC_0229petit-1028x1536.jpg 1028w, https:\/\/lesateliersdelena.net\/wp-content\/uploads\/2020\/10\/DSC_0229petit-1371x2048.jpg 1371w, https:\/\/lesateliersdelena.net\/wp-content\/uploads\/2020\/10\/DSC_0229petit-scaled.jpg 1714w\" sizes=\"(max-width: 685px) 100vw, 685px\" \/><\/figure><\/li><li class=\"blocks-gallery-item\"><figure><img loading=\"lazy\" width=\"614\" height=\"1024\" src=\"http:\/\/lesateliersdelena.net\/wp-content\/uploads\/2020\/10\/DSC_0232petit-614x1024.jpg\" alt=\"\" data-id=\"1569\" data-link=\"http:\/\/lesateliersdelena.net\/index.php\/encadremen-sur-mesure\/dsc_0232petit\/#main\" class=\"wp-image-1569\" srcset=\"https:\/\/lesateliersdelena.net\/wp-content\/uploads\/2020\/10\/DSC_0232petit-614x1024.jpg 614w, https:\/\/lesateliersdelena.net\/wp-content\/uploads\/2020\/10\/DSC_0232petit-180x300.jpg 180w, https:\/\/lesateliersdelena.net\/wp-content\/uploads\/2020\/10\/DSC_0232petit-768x1281.jpg 768w, https:\/\/lesateliersdelena.net\/wp-content\/uploads\/2020\/10\/DSC_0232petit-921x1536.jpg 921w, https:\/\/lesateliersdelena.net\/wp-content\/uploads\/2020\/10\/DSC_0232petit-1228x2048.jpg 1228w, https:\/\/lesateliersdelena.net\/wp-content\/uploads\/2020\/10\/DSC_0232petit-scaled.jpg 1534w\" sizes=\"(max-width: 614px) 100vw, 614px\" \/><\/figure><\/li><li class=\"blocks-gallery-item\"><figure><img loading=\"lazy\" width=\"1024\" height=\"997\" src=\"http:\/\/lesateliersdelena.net\/wp-content\/uploads\/2020\/10\/Sans-titre-1-1024x997.jpg\" alt=\"\" data-id=\"1567\" data-link=\"http:\/\/lesateliersdelena.net\/index.php\/encadremen-sur-mesure\/sans-titre-1\/#main\" class=\"wp-image-1567\" srcset=\"https:\/\/lesateliersdelena.net\/wp-content\/uploads\/2020\/10\/Sans-titre-1-1024x997.jpg 1024w, https:\/\/lesateliersdelena.net\/wp-content\/uploads\/2020\/10\/Sans-titre-1-300x292.jpg 300w, https:\/\/lesateliersdelena.net\/wp-content\/uploads\/2020\/10\/Sans-titre-1-768x748.jpg 768w, https:\/\/lesateliersdelena.net\/wp-content\/uploads\/2020\/10\/Sans-titre-1.jpg 1386w\" sizes=\"(max-width: 1024px) 100vw, 1024px\" \/><\/figure><\/li><li class=\"blocks-gallery-item\"><figure><img loading=\"lazy\" width=\"685\" height=\"1024\" src=\"http:\/\/lesateliersdelena.net\/wp-content\/uploads\/2020\/10\/DSC_0233petit-685x1024.jpg\" alt=\"\" data-id=\"1568\" data-link=\"http:\/\/lesateliersdelena.net\/index.php\/encadremen-sur-mesure\/dsc_0233petit\/#main\" class=\"wp-image-1568\" srcset=\"https:\/\/lesateliersdelena.net\/wp-content\/uploads\/2020\/10\/DSC_0233petit-685x1024.jpg 685w, https:\/\/lesateliersdelena.net\/wp-content\/uploads\/2020\/10\/DSC_0233petit-201x300.jpg 201w, https:\/\/lesateliersdelena.net\/wp-content\/uploads\/2020\/10\/DSC_0233petit-768x1147.jpg 768w, https:\/\/lesateliersdelena.net\/wp-content\/uploads\/2020\/10\/DSC_0233petit-1028x1536.jpg 1028w, https:\/\/lesateliersdelena.net\/wp-content\/uploads\/2020\/10\/DSC_0233petit-1371x2048.jpg 1371w, https:\/\/lesateliersdelena.net\/wp-content\/uploads\/2020\/10\/DSC_0233petit-scaled.jpg 1714w\" sizes=\"(max-width: 685px) 100vw, 685px\" \/><\/figure><\/li><li class=\"blocks-gallery-item\"><figure><img loading=\"lazy\" width=\"621\" height=\"1024\" src=\"http:\/\/lesateliersdelena.net\/wp-content\/uploads\/2020\/10\/DSC_0124petit-621x1024.jpg\" alt=\"\" data-id=\"1571\" data-full-url=\"http:\/\/lesateliersdelena.net\/wp-content\/uploads\/2020\/10\/DSC_0124petit-scaled.jpg\" data-link=\"http:\/\/lesateliersdelena.net\/index.php\/encadremen-sur-mesure\/dsc_0124petit\/#main\" class=\"wp-image-1571\" srcset=\"https:\/\/lesateliersdelena.net\/wp-content\/uploads\/2020\/10\/DSC_0124petit-621x1024.jpg 621w, https:\/\/lesateliersdelena.net\/wp-content\/uploads\/2020\/10\/DSC_0124petit-182x300.jpg 182w, https:\/\/lesateliersdelena.net\/wp-content\/uploads\/2020\/10\/DSC_0124petit-768x1267.jpg 768w, https:\/\/lesateliersdelena.net\/wp-content\/uploads\/2020\/10\/DSC_0124petit-931x1536.jpg 931w, https:\/\/lesateliersdelena.net\/wp-content\/uploads\/2020\/10\/DSC_0124petit-1241x2048.jpg 1241w, https:\/\/lesateliersdelena.net\/wp-content\/uploads\/2020\/10\/DSC_0124petit-scaled.jpg 1552w\" sizes=\"(max-width: 621px) 100vw, 621px\" \/><\/figure><\/li><li class=\"blocks-gallery-item\"><figure><img loading=\"lazy\" width=\"685\" height=\"1024\" src=\"http:\/\/lesateliersdelena.net\/wp-content\/uploads\/2020\/10\/DSC_0227-685x1024.jpg\" alt=\"\" data-id=\"1566\" data-link=\"http:\/\/lesateliersdelena.net\/index.php\/encadremen-sur-mesure\/dsc_0227\/#main\" class=\"wp-image-1566\" srcset=\"https:\/\/lesateliersdelena.net\/wp-content\/uploads\/2020\/10\/DSC_0227-685x1024.jpg 685w, https:\/\/lesateliersdelena.net\/wp-content\/uploads\/2020\/10\/DSC_0227-201x300.jpg 201w, https:\/\/lesateliersdelena.net\/wp-content\/uploads\/2020\/10\/DSC_0227-768x1147.jpg 768w, https:\/\/lesateliersdelena.net\/wp-content\/uploads\/2020\/10\/DSC_0227-1028x1536.jpg 1028w, https:\/\/lesateliersdelena.net\/wp-content\/uploads\/2020\/10\/DSC_0227-1371x2048.jpg 1371w, https:\/\/lesateliersdelena.net\/wp-content\/uploads\/2020\/10\/DSC_0227-scaled.jpg 1714w\" sizes=\"(max-width: 685px) 100vw, 685px\" \/><\/figure><\/li><\/ul><\/figure>\n\n\n\n<div class=\"wp-block-buttons\">\n<div class=\"wp-block-button\"><a class=\"wp-block-button__link has-white-color has-vivid-cyan-blue-to-vivid-purple-gradient-background has-text-color has-background\" href=\"http:\/\/lesateliersdelena.net\/index.php\/encadremen-sur-mesure\/galerie-photo-encadrement-sur-mesure\/\" target=\"_blank\" rel=\"noreferrer noopener\"><strong>La Galerie Photos, c&rsquo;est ICI&#8230;<\/strong><\/a><\/div>\n<\/div>\n\n\n\n<div class=\"wp-block-columns\">\n<div class=\"wp-block-column\" style=\"flex-basis:33.33%\"><\/div>\n\n\n\n<div class=\"wp-block-column\" style=\"flex-basis:66.66%\"><\/div>\n<\/div>\n\n\n\n<div class=\"wp-block-columns\">\n<div class=\"wp-block-column\" style=\"flex-basis:25%\"><\/div>\n\n\n\n<div class=\"wp-block-column\" style=\"flex-basis:50%\"><\/div>\n\n\n\n<div class=\"wp-block-column\" style=\"flex-basis:25%\"><\/div>\n<\/div>\n\n\n\n<div class=\"wp-block-columns\">\n<div class=\"wp-block-column\" style=\"flex-basis:33.33%\"><\/div>\n\n\n\n<div class=\"wp-block-column\" style=\"flex-basis:66.66%\"><\/div>\n<\/div>\n\n\n\n<div class=\"wp-block-columns\">\n<div class=\"wp-block-column\" style=\"flex-basis:33.33%\"><\/div>\n\n\n\n<div class=\"wp-block-column\" style=\"flex-basis:66.66%\"><\/div>\n<\/div>\n\n\n\n<div class=\"wp-block-columns\">\n<div class=\"wp-block-column\" style=\"flex-basis:33.33%\"><\/div>\n\n\n\n<div class=\"wp-block-column\" style=\"flex-basis:66.66%\"><\/div>\n<\/div>\n","protected":false},"excerpt":{"rendered":"<p>ARTISANAT D&rsquo;ART &nbsp;Aux Ateliers de L\u00e9Na, vous trouverez aussi la possibilit\u00e9 de faire r\u00e9aliser Vos Travaux d&rsquo; Encadrement sur Mesure , par une encadreuse professionnelle, dipl\u00f4m\u00e9e : Nathalie L\u00e9on vous conseille dans le choix des baguettes, vous propose des mises en valeur de vos \u0153uvres, en respectant les r\u00e8gles de conservation. Les devis sont gratuits. [&hellip;]<\/p>\n","protected":false},"author":1,"featured_media":0,"parent":0,"menu_order":5,"comment_status":"closed","ping_status":"closed","template":"","meta":[],"_links":{"self":[{"href":"https:\/\/lesateliersdelena.net\/index.php\/wp-json\/wp\/v2\/pages\/367"}],"collection":[{"href":"https:\/\/lesateliersdelena.net\/index.php\/wp-json\/wp\/v2\/pages"}],"about":[{"href":"https:\/\/lesateliersdelena.net\/index.php\/wp-json\/wp\/v2\/types\/page"}],"author":[{"embeddable":true,"href":"https:\/\/lesateliersdelena.net\/index.php\/wp-json\/wp\/v2\/users\/1"}],"replies":[{"embeddable":true,"href":"https:\/\/lesateliersdelena.net\/index.php\/wp-json\/wp\/v2\/comments?post=367"}],"version-history":[{"count":61,"href":"https:\/\/lesateliersdelena.net\/index.php\/wp-json\/wp\/v2\/pages\/367\/revisions"}],"predecessor-version":[{"id":2225,"href":"https:\/\/lesateliersdelena.net\/index.php\/wp-json\/wp\/v2\/pages\/367\/revisions\/2225"}],"wp:attachment":[{"href":"https:\/\/lesateliersdelena.net\/index.php\/wp-json\/wp\/v2\/media?parent=367"}],"curies":[{"name":"wp","href":"https:\/\/api.w.org\/{rel}","templated":true}]}}