{"id":1772,"date":"2020-10-14T14:35:25","date_gmt":"2020-10-14T12:35:25","guid":{"rendered":"http:\/\/lesateliersdelena.site\/?page_id=1772"},"modified":"2021-08-25T11:08:41","modified_gmt":"2021-08-25T09:08:41","slug":"les-stages-ponctuels","status":"publish","type":"page","link":"https:\/\/lesateliersdelena.net\/index.php\/les-stages-ponctuels\/","title":{"rendered":"Les Stages Ponctuels"},"content":{"rendered":"\n<div class=\"wp-block-image\"><figure class=\"alignleft size-medium is-resized\"><img loading=\"lazy\" src=\"http:\/\/lesateliersdelena.net\/wp-content\/uploads\/2020\/10\/DSC_0046petit_modifie-1-300x201.jpg\" alt=\"\" class=\"wp-image-1778\" width=\"307\" height=\"206\" srcset=\"https:\/\/lesateliersdelena.net\/wp-content\/uploads\/2020\/10\/DSC_0046petit_modifie-1-300x201.jpg 300w, https:\/\/lesateliersdelena.net\/wp-content\/uploads\/2020\/10\/DSC_0046petit_modifie-1-1024x685.jpg 1024w, https:\/\/lesateliersdelena.net\/wp-content\/uploads\/2020\/10\/DSC_0046petit_modifie-1-768x514.jpg 768w, https:\/\/lesateliersdelena.net\/wp-content\/uploads\/2020\/10\/DSC_0046petit_modifie-1-1536x1028.jpg 1536w, https:\/\/lesateliersdelena.net\/wp-content\/uploads\/2020\/10\/DSC_0046petit_modifie-1-2048x1371.jpg 2048w\" sizes=\"(max-width: 307px) 100vw, 307px\" \/><\/figure><\/div>\n\n\n\n<p class=\"has-white-color has-text-color has-background\" style=\"background-color:#992323\"><strong>LES STAGES PONCTUELS<\/strong><\/p>\n\n\n\n<p>En plus des <strong>nombreux cours de Loisirs Cr\u00e9atifs et Beaux-Arts<\/strong> dispens\u00e9s toute l\u2019ann\u00e9e aux Ateliers de L\u00e9Na, nous organisons<strong> des sessions de stages vari\u00e9s<\/strong>.&nbsp;<\/p>\n\n\n\n<p>Sont ainsi propos\u00e9s des <strong>stages <span class=\"has-inline-color has-vivid-green-cyan-color\">pour ADOS\/JUNIORS\/ENFANTS<\/span><\/strong> et <strong><span class=\"has-inline-color has-vivid-red-color\">pour ADULTES<\/span><\/strong>,&nbsp;pour certaines disciplines, \u00e0 des rythmes diff\u00e9rents.<\/p>\n\n\n\n<p>Ces stages sont l\u2019occasion de <strong>d\u00e9couvrir une discipline<\/strong>, ou de <strong>se perfectionner sur une technique pr\u00e9cise<\/strong>. La dur\u00e9e des stages varie en fonction de la discipline, 1\/2 journ\u00e9e, 1 \u00e0 3 journ\u00e9es, 2 \u00e0 5 apr\u00e8s-midi, \u2026.<\/p>\n\n\n\n<p>Tous l<strong>es stages sont encadr\u00e9s par un professeur exp\u00e9riment\u00e9<\/strong>. Le tarif du stage comprend le mat\u00e9riel, support et outils n\u00e9cessaires. Les stagiaires repartent avec leurs \u0153uvres.&nbsp;<\/p>\n\n\n\n<p>Les inscriptions se font directement aupr\u00e8s du professeur ou de la responsable des Ateliers Nathalie L\u00e9on, ou par t\u00e9l\u00e9phone ou e-mail. Les places \u00e9tant limit\u00e9es, n\u2019h\u00e9sitez pas \u00e0 vous inscrire d\u00e8s diffusion des dates consultables sur le site.<\/p>\n\n\n\n<p><em>Pour l\u2019ensemble de ces stages, un minimum d\u2019\u00e9l\u00e8ves doit \u00eatre atteint pour ouvrir le stage (variable en fonction des disciplines, entre 2 et 5).<\/em><br><em>Les Ateliers de L\u00e9Na se r\u00e9servent le droit d\u2019annuler un stage , jusqu\u2019\u00e0 24 h avant le d\u00e9but du stage, si le nombre minimum d\u2019\u00e9l\u00e8ves n\u2019est pas atteint.<\/em><\/p>\n\n\n\n<h2 class=\"has-text-align-center has-white-color has-text-color has-background\" style=\"background-color:#992323\">Les Stages \u00e0 Venir<\/h2>\n\n\n\n<p>A ce jour aucun stage n&rsquo;est programm\u00e9<\/p>\n","protected":false},"excerpt":{"rendered":"<p>LES STAGES PONCTUELS En plus des nombreux cours de Loisirs Cr\u00e9atifs et Beaux-Arts dispens\u00e9s toute l\u2019ann\u00e9e aux Ateliers de L\u00e9Na, nous organisons des sessions de stages vari\u00e9s.&nbsp; Sont ainsi propos\u00e9s des stages pour ADOS\/JUNIORS\/ENFANTS et pour ADULTES,&nbsp;pour certaines disciplines, \u00e0 des rythmes diff\u00e9rents. Ces stages sont l\u2019occasion de d\u00e9couvrir une discipline, ou de se perfectionner [&hellip;]<\/p>\n","protected":false},"author":1,"featured_media":0,"parent":0,"menu_order":15,"comment_status":"closed","ping_status":"closed","template":"","meta":[],"_links":{"self":[{"href":"https:\/\/lesateliersdelena.net\/index.php\/wp-json\/wp\/v2\/pages\/1772"}],"collection":[{"href":"https:\/\/lesateliersdelena.net\/index.php\/wp-json\/wp\/v2\/pages"}],"about":[{"href":"https:\/\/lesateliersdelena.net\/index.php\/wp-json\/wp\/v2\/types\/page"}],"author":[{"embeddable":true,"href":"https:\/\/lesateliersdelena.net\/index.php\/wp-json\/wp\/v2\/users\/1"}],"replies":[{"embeddable":true,"href":"https:\/\/lesateliersdelena.net\/index.php\/wp-json\/wp\/v2\/comments?post=1772"}],"version-history":[{"count":14,"href":"https:\/\/lesateliersdelena.net\/index.php\/wp-json\/wp\/v2\/pages\/1772\/revisions"}],"predecessor-version":[{"id":2229,"href":"https:\/\/lesateliersdelena.net\/index.php\/wp-json\/wp\/v2\/pages\/1772\/revisions\/2229"}],"wp:attachment":[{"href":"https:\/\/lesateliersdelena.net\/index.php\/wp-json\/wp\/v2\/media?parent=1772"}],"curies":[{"name":"wp","href":"https:\/\/api.w.org\/{rel}","templated":true}]}}