{"id":162,"date":"2020-05-05T17:53:30","date_gmt":"2020-05-05T15:53:30","guid":{"rendered":"http:\/\/lesateliersdelena.site\/?page_id=162"},"modified":"2025-05-12T17:22:16","modified_gmt":"2025-05-12T15:22:16","slug":"cours-beaux-arts-adulte","status":"publish","type":"page","link":"https:\/\/lesateliersdelena.net\/index.php\/cours-encadrement-cartonnage\/cours-beaux-arts-adulte\/","title":{"rendered":"Cours ENCADREMENT Adulte"},"content":{"rendered":"\n<div class=\"wp-block-image\"><figure class=\"alignleft size-medium\"><img loading=\"lazy\" width=\"196\" height=\"300\" src=\"http:\/\/lesateliersdelena.net\/wp-content\/uploads\/2020\/10\/a-3-196x300.jpg\" alt=\"\" class=\"wp-image-1061\" srcset=\"https:\/\/lesateliersdelena.net\/wp-content\/uploads\/2020\/10\/a-3-196x300.jpg 196w, https:\/\/lesateliersdelena.net\/wp-content\/uploads\/2020\/10\/a-3-668x1024.jpg 668w, https:\/\/lesateliersdelena.net\/wp-content\/uploads\/2020\/10\/a-3-768x1177.jpg 768w, https:\/\/lesateliersdelena.net\/wp-content\/uploads\/2020\/10\/a-3.jpg 956w\" sizes=\"(max-width: 196px) 100vw, 196px\" \/><\/figure><\/div>\n\n\n\n<p class=\"has-white-color has-text-color has-background\" style=\"background-color:#992323;font-size:29px\">ENCADREMENT ADULTE<\/p>\n\n\n\n<p>Mettre en valeur tous les sujets . Voici l&rsquo;objectif des cours\u00a0 d&rsquo;encadrement anim\u00e9s par\u00a0votre professeur, \u00a0artisane encadreuse passionn\u00e9e et dipl\u00f4m\u00e9e. Elle vous transmet sa passion et son savoir faire,\u00a0tout au long des 15\u00a0s\u00e9ances de 2h30, r\u00e9parties d&rsquo;Octobre 2025 \u00e0 Juin 2026 hors vacances scolaires.<\/p>\n\n\n\n<p>TOUT NIVEAU : <em>d\u00e9butant, interm\u00e9diaire et confirm\u00e9.<\/em><\/p>\n\n\n\n<div class=\"wp-block-buttons\">\n<div class=\"wp-block-button\"><a class=\"wp-block-button__link has-white-color has-blush-bordeaux-gradient-background has-text-color has-background\" href=\"http:\/\/lesateliersdelena.net\/index.php\/cours-encadrement-cartonnage\/cours-beaux-arts-adulte\/galerie-photos-encadrement\/\" target=\"_blank\" rel=\"noreferrer noopener\">La Galerie Photos, c&rsquo;est ICI&#8230;<\/a><\/div>\n<\/div>\n\n\n\n<p><\/p>\n\n\n\n<figure class=\"wp-block-table is-style-stripes\"><table class=\"has-background\" style=\"background-color:#fcf0ef\"><thead><tr><th class=\"has-text-align-center\" data-align=\"center\"><strong><span style=\"color:#992323\" class=\"has-inline-color\">ENCADREMENT <\/span><\/strong><br><strong><span style=\"color:#992323\" class=\"has-inline-color\">ADULTE<\/span><\/strong><\/th><th class=\"has-text-align-center\" data-align=\"center\"><em>Jour<\/em><\/th><th class=\"has-text-align-center\" data-align=\"center\">Horaire<\/th><th class=\"has-text-align-center\" data-align=\"center\">Tarif<\/th><\/tr><\/thead><tbody><tr><td class=\"has-text-align-center\" data-align=\"center\"><img loading=\"lazy\" width=\"1872\" height=\"1792\" class=\"wp-image-824\" style=\"width: 80px;\" src=\"http:\/\/lesateliersdelena.net\/wp-content\/uploads\/2020\/09\/DSC_0002-copie.jpg\" alt=\"\" srcset=\"https:\/\/lesateliersdelena.net\/wp-content\/uploads\/2020\/09\/DSC_0002-copie.jpg 1872w, https:\/\/lesateliersdelena.net\/wp-content\/uploads\/2020\/09\/DSC_0002-copie-300x287.jpg 300w, https:\/\/lesateliersdelena.net\/wp-content\/uploads\/2020\/09\/DSC_0002-copie-1024x980.jpg 1024w, https:\/\/lesateliersdelena.net\/wp-content\/uploads\/2020\/09\/DSC_0002-copie-768x735.jpg 768w, https:\/\/lesateliersdelena.net\/wp-content\/uploads\/2020\/09\/DSC_0002-copie-1536x1470.jpg 1536w\" sizes=\"(max-width: 1872px) 100vw, 1872px\" \/><\/td><td class=\"has-text-align-center\" data-align=\"center\"><em>Jeudi<\/em><\/td><td class=\"has-text-align-center\" data-align=\"center\">9h30 &#8211; 12h<\/td><td class=\"has-text-align-center\" data-align=\"center\"><span style=\"color:#992323\" class=\"has-inline-color\"><strong>352 euros<\/strong><\/span><br>(9.40 euros\/h)<\/td><\/tr><tr><td class=\"has-text-align-center\" data-align=\"center\"><img loading=\"lazy\" width=\"1766\" height=\"1786\" class=\"wp-image-790\" style=\"width: 80px;\" src=\"http:\/\/lesateliersdelena.net\/wp-content\/uploads\/2020\/09\/20190822_104302.jpg\" alt=\"\" srcset=\"https:\/\/lesateliersdelena.net\/wp-content\/uploads\/2020\/09\/20190822_104302.jpg 1766w, https:\/\/lesateliersdelena.net\/wp-content\/uploads\/2020\/09\/20190822_104302-297x300.jpg 297w, https:\/\/lesateliersdelena.net\/wp-content\/uploads\/2020\/09\/20190822_104302-1013x1024.jpg 1013w, https:\/\/lesateliersdelena.net\/wp-content\/uploads\/2020\/09\/20190822_104302-768x777.jpg 768w, https:\/\/lesateliersdelena.net\/wp-content\/uploads\/2020\/09\/20190822_104302-1519x1536.jpg 1519w\" sizes=\"(max-width: 1766px) 100vw, 1766px\" \/><\/td><td class=\"has-text-align-center\" data-align=\"center\"><em>Jeudi<\/em><\/td><td class=\"has-text-align-center\" data-align=\"center\">13h45 &#8211; 16h15<\/td><td class=\"has-text-align-center\" data-align=\"center\"><strong><span style=\"color:#992323\" class=\"has-inline-color\">352 euros<\/span><\/strong><br>(9.40 euros\/h)<\/td><\/tr><tr><td class=\"has-text-align-center\" data-align=\"center\"><img loading=\"lazy\" width=\"918\" height=\"900\" class=\"wp-image-791\" style=\"width: 80px;\" src=\"http:\/\/lesateliersdelena.net\/wp-content\/uploads\/2020\/09\/20181030_092003-Copier.jpg\" alt=\"\" srcset=\"https:\/\/lesateliersdelena.net\/wp-content\/uploads\/2020\/09\/20181030_092003-Copier.jpg 918w, https:\/\/lesateliersdelena.net\/wp-content\/uploads\/2020\/09\/20181030_092003-Copier-300x294.jpg 300w, https:\/\/lesateliersdelena.net\/wp-content\/uploads\/2020\/09\/20181030_092003-Copier-768x753.jpg 768w\" sizes=\"(max-width: 918px) 100vw, 918px\" \/><\/td><td class=\"has-text-align-center\" data-align=\"center\"><em>Jeudi<\/em><\/td><td class=\"has-text-align-center\" data-align=\"center\">9h30 &#8211; 12h<\/td><td class=\"has-text-align-center\" data-align=\"center\"><strong><span style=\"color:#992323\" class=\"has-inline-color\">352 euros<\/span><\/strong><br>(9.40 euros\/h)<\/td><\/tr><tr><td class=\"has-text-align-center\" data-align=\"center\"><img loading=\"lazy\" width=\"2171\" height=\"2174\" class=\"wp-image-773\" style=\"width: 80px;\" src=\"http:\/\/lesateliersdelena.net\/wp-content\/uploads\/2020\/09\/20180405_104926.jpg\" alt=\"\" srcset=\"https:\/\/lesateliersdelena.net\/wp-content\/uploads\/2020\/09\/20180405_104926.jpg 2171w, https:\/\/lesateliersdelena.net\/wp-content\/uploads\/2020\/09\/20180405_104926-300x300.jpg 300w, https:\/\/lesateliersdelena.net\/wp-content\/uploads\/2020\/09\/20180405_104926-1024x1024.jpg 1024w, https:\/\/lesateliersdelena.net\/wp-content\/uploads\/2020\/09\/20180405_104926-150x150.jpg 150w, https:\/\/lesateliersdelena.net\/wp-content\/uploads\/2020\/09\/20180405_104926-768x769.jpg 768w, https:\/\/lesateliersdelena.net\/wp-content\/uploads\/2020\/09\/20180405_104926-1534x1536.jpg 1534w, https:\/\/lesateliersdelena.net\/wp-content\/uploads\/2020\/09\/20180405_104926-2045x2048.jpg 2045w\" sizes=\"(max-width: 2171px) 100vw, 2171px\" \/><\/td><td class=\"has-text-align-center\" data-align=\"center\"><em>Samedi<\/em><\/td><td class=\"has-text-align-center\" data-align=\"center\">9h30 &#8211; 12h<\/td><td class=\"has-text-align-center\" data-align=\"center\"><strong><span style=\"color:#992323\" class=\"has-inline-color\">352 euros<\/span><\/strong><br>(9.40 euros\/h)<\/td><\/tr><\/tbody><\/table><\/figure>\n\n\n\n<p>Tous les mat\u00e9riels&nbsp; (outils, colle, etc.) sont disponibles \u00e0 l&rsquo;atelier. Les papiers et cartons sont \u00e0 la charge de l&rsquo;\u00e9l\u00e8ve mais vous pouvez vous les procurer aux ateliers gr\u00e2ce \u00e0 une s\u00e9lection de papiers tr\u00e8s diff\u00e9rents qui saura s\u00e9duire chacun d&rsquo;entre vous.<\/p>\n\n\n\n<ul><li>Nombre minimum d&rsquo;\u00e9l\u00e8ves par cours : 4<\/li><li>Nombre maximum d&rsquo;\u00e9l\u00e8ves par cours : 8<\/li><\/ul>\n\n\n\n<div class=\"wp-block-buttons\">\n<div class=\"wp-block-button\"><a class=\"wp-block-button__link has-white-color has-vivid-cyan-blue-to-vivid-purple-gradient-background has-text-color has-background\" href=\"http:\/\/lesateliersdelena.net\/index.php\/cours-encadrement-cartonnage\/cours-beaux-arts-adulte\/planning-encadrement-adulte\/\" target=\"_blank\" rel=\"noreferrer noopener\">Les Plannings Encadrement Adulte, c&rsquo;est ICI&#8230;<\/a><\/div>\n<\/div>\n","protected":false},"excerpt":{"rendered":"<p>ENCADREMENT ADULTE Mettre en valeur tous les sujets . Voici l&rsquo;objectif des cours\u00a0 d&rsquo;encadrement anim\u00e9s par\u00a0votre professeur, \u00a0artisane encadreuse passionn\u00e9e et dipl\u00f4m\u00e9e. Elle vous transmet sa passion et son savoir faire,\u00a0tout au long des 15\u00a0s\u00e9ances de 2h30, r\u00e9parties d&rsquo;Octobre 2025 \u00e0 Juin 2026 hors vacances scolaires. TOUT NIVEAU : d\u00e9butant, interm\u00e9diaire et confirm\u00e9. ENCADREMENT ADULTE [&hellip;]<\/p>\n","protected":false},"author":1,"featured_media":0,"parent":1350,"menu_order":1,"comment_status":"closed","ping_status":"closed","template":"","meta":[],"_links":{"self":[{"href":"https:\/\/lesateliersdelena.net\/index.php\/wp-json\/wp\/v2\/pages\/162"}],"collection":[{"href":"https:\/\/lesateliersdelena.net\/index.php\/wp-json\/wp\/v2\/pages"}],"about":[{"href":"https:\/\/lesateliersdelena.net\/index.php\/wp-json\/wp\/v2\/types\/page"}],"author":[{"embeddable":true,"href":"https:\/\/lesateliersdelena.net\/index.php\/wp-json\/wp\/v2\/users\/1"}],"replies":[{"embeddable":true,"href":"https:\/\/lesateliersdelena.net\/index.php\/wp-json\/wp\/v2\/comments?post=162"}],"version-history":[{"count":43,"href":"https:\/\/lesateliersdelena.net\/index.php\/wp-json\/wp\/v2\/pages\/162\/revisions"}],"predecessor-version":[{"id":2999,"href":"https:\/\/lesateliersdelena.net\/index.php\/wp-json\/wp\/v2\/pages\/162\/revisions\/2999"}],"up":[{"embeddable":true,"href":"https:\/\/lesateliersdelena.net\/index.php\/wp-json\/wp\/v2\/pages\/1350"}],"wp:attachment":[{"href":"https:\/\/lesateliersdelena.net\/index.php\/wp-json\/wp\/v2\/media?parent=162"}],"curies":[{"name":"wp","href":"https:\/\/api.w.org\/{rel}","templated":true}]}}