{"id":1148,"date":"2020-10-09T13:56:32","date_gmt":"2020-10-09T11:56:32","guid":{"rendered":"http:\/\/lesateliersdelena.site\/?page_id=1148"},"modified":"2025-05-13T10:29:39","modified_gmt":"2025-05-13T08:29:39","slug":"dessin-juniors","status":"publish","type":"page","link":"https:\/\/lesateliersdelena.net\/index.php\/cours-juniors\/dessin-juniors\/","title":{"rendered":"Cours Dessin JUNIORS"},"content":{"rendered":"\n<div class=\"wp-block-image\"><figure class=\"alignleft size-large is-resized\"><img loading=\"lazy\" src=\"http:\/\/lesateliersdelena.net\/wp-content\/uploads\/2020\/10\/20190626_155337-N-671x1024.jpg\" alt=\"\" class=\"wp-image-1149\" width=\"295\" height=\"450\" srcset=\"https:\/\/lesateliersdelena.net\/wp-content\/uploads\/2020\/10\/20190626_155337-N-671x1024.jpg 671w, https:\/\/lesateliersdelena.net\/wp-content\/uploads\/2020\/10\/20190626_155337-N-197x300.jpg 197w, https:\/\/lesateliersdelena.net\/wp-content\/uploads\/2020\/10\/20190626_155337-N-768x1171.jpg 768w, https:\/\/lesateliersdelena.net\/wp-content\/uploads\/2020\/10\/20190626_155337-N.jpg 956w\" sizes=\"(max-width: 295px) 100vw, 295px\" \/><\/figure><\/div>\n\n\n\n<p class=\"has-white-color has-text-color has-background\" style=\"background-color:#992323\"><strong>DESSIN JUNIORS<\/strong><\/p>\n\n\n\n<p>Depuis tout petit, il\/elle passe son temps \u00e0 dessiner, peindre, crayonner, colorier&#8230;. Le professeur de dessin saura discipliner, organiser, sublimer ce talent naissant, &#8230;, qu&rsquo;il ne faut surtout pas laisser s&rsquo;\u00e9chapper.<\/p>\n\n\n\n<p>En suivant une progression \u00e9tudi\u00e9e, en adaptant le rythme, le style, la difficult\u00e9, \u00e0 chacun, le professeur transmet toute l&rsquo;acad\u00e9mie du dessin, les bases incontournables et n\u00e9cessaires.<\/p>\n\n\n\n<p>Dans un cadre propice \u00e0 la cr\u00e9ation et \u00e0 l&rsquo;apprentissage, par groupe de 8 \u00e9l\u00e8ves maximum, les cours annuels sont organis\u00e9s sur 25 s\u00e9ances de 2h, r\u00e9partis d&rsquo;Octobre 2025 \u00e0 Juin 2026, chaque semaine en dehors des vacances scolaires<\/p>\n\n\n\n<p><strong>TOUT NIVEAU<\/strong> : <em>D\u00e9butant , confirm\u00e9, expert<\/em><\/p>\n\n\n\n<div class=\"wp-block-buttons\">\n<div class=\"wp-block-button\"><a class=\"wp-block-button__link has-white-color has-blush-bordeaux-gradient-background has-text-color has-background\" href=\"http:\/\/lesateliersdelena.net\/index.php\/cours-juniors\/dessin-juniors\/galerie-photo-dessin-junior\/\" target=\"_blank\" rel=\"noreferrer noopener\">La Galerie Photos, c&rsquo;est ICI&#8230;<\/a><\/div>\n<\/div>\n\n\n\n<figure class=\"wp-block-table is-style-regular\"><table class=\"has-background\" style=\"background-color:#f3f4f5\"><tbody><tr><td class=\"has-text-align-center\" data-align=\"center\"><strong><span style=\"color:#992323\" class=\"has-inline-color\">DESSIN JUNIOR<\/span><\/strong><\/td><td class=\"has-text-align-center\" data-align=\"center\">AGE<\/td><td class=\"has-text-align-center\" data-align=\"center\"><em>Jour<\/em><\/td><td class=\"has-text-align-center\" data-align=\"center\">Horaires<\/td><td class=\"has-text-align-center\" data-align=\"center\">Tarif<\/td><\/tr><tr><td class=\"has-text-align-center\" data-align=\"center\"><img loading=\"lazy\" width=\"956\" height=\"1458\" class=\"wp-image-1168\" style=\"width: 60px;\" src=\"http:\/\/lesateliersdelena.net\/wp-content\/uploads\/2020\/10\/20190626_155337-Q.jpg\" alt=\"\" srcset=\"https:\/\/lesateliersdelena.net\/wp-content\/uploads\/2020\/10\/20190626_155337-Q.jpg 956w, https:\/\/lesateliersdelena.net\/wp-content\/uploads\/2020\/10\/20190626_155337-Q-197x300.jpg 197w, https:\/\/lesateliersdelena.net\/wp-content\/uploads\/2020\/10\/20190626_155337-Q-671x1024.jpg 671w, https:\/\/lesateliersdelena.net\/wp-content\/uploads\/2020\/10\/20190626_155337-Q-768x1171.jpg 768w\" sizes=\"(max-width: 956px) 100vw, 956px\" \/><\/td><td class=\"has-text-align-center\" data-align=\"center\">9 &#8211; 17 <\/td><td class=\"has-text-align-center\" data-align=\"center\"><em>Lundi<\/em><\/td><td class=\"has-text-align-center\" data-align=\"center\">17h30 &#8211; 19h30<\/td><td class=\"has-text-align-center\" data-align=\"center\"><span style=\"color:#992323\" class=\"has-inline-color\"><strong>398 euros<\/strong><\/span><br>(7.96 euros\/h)<\/td><\/tr><tr><td class=\"has-text-align-center\" data-align=\"center\"><img loading=\"lazy\" width=\"956\" height=\"1458\" class=\"wp-image-1169\" style=\"width: 60px;\" src=\"http:\/\/lesateliersdelena.net\/wp-content\/uploads\/2020\/10\/20190626_155337-R.jpg\" alt=\"\" srcset=\"https:\/\/lesateliersdelena.net\/wp-content\/uploads\/2020\/10\/20190626_155337-R.jpg 956w, https:\/\/lesateliersdelena.net\/wp-content\/uploads\/2020\/10\/20190626_155337-R-197x300.jpg 197w, https:\/\/lesateliersdelena.net\/wp-content\/uploads\/2020\/10\/20190626_155337-R-671x1024.jpg 671w, https:\/\/lesateliersdelena.net\/wp-content\/uploads\/2020\/10\/20190626_155337-R-768x1171.jpg 768w\" sizes=\"(max-width: 956px) 100vw, 956px\" \/><\/td><td class=\"has-text-align-center\" data-align=\"center\">9 &#8211; 17<\/td><td class=\"has-text-align-center\" data-align=\"center\"><em>Mardi<\/em><\/td><td class=\"has-text-align-center\" data-align=\"center\">17h30 &#8211; 19h30<\/td><td class=\"has-text-align-center\" data-align=\"center\"><strong><span style=\"color:#992323\" class=\"has-inline-color\">398 euros<\/span><\/strong><br>(7.96 euros\/h)<\/td><\/tr><tr><td class=\"has-text-align-center\" data-align=\"center\"><img loading=\"lazy\" width=\"956\" height=\"1458\" class=\"wp-image-1172\" style=\"width: 60px;\" src=\"http:\/\/lesateliersdelena.net\/wp-content\/uploads\/2020\/10\/20190626_155337-S.jpg\" alt=\"\" srcset=\"https:\/\/lesateliersdelena.net\/wp-content\/uploads\/2020\/10\/20190626_155337-S.jpg 956w, https:\/\/lesateliersdelena.net\/wp-content\/uploads\/2020\/10\/20190626_155337-S-197x300.jpg 197w, https:\/\/lesateliersdelena.net\/wp-content\/uploads\/2020\/10\/20190626_155337-S-671x1024.jpg 671w, https:\/\/lesateliersdelena.net\/wp-content\/uploads\/2020\/10\/20190626_155337-S-768x1171.jpg 768w\" sizes=\"(max-width: 956px) 100vw, 956px\" \/><\/td><td class=\"has-text-align-center\" data-align=\"center\">7 &#8211; 10<\/td><td class=\"has-text-align-center\" data-align=\"center\">Mercredi<\/td><td class=\"has-text-align-center\" data-align=\"center\">16h &#8211; 18h<\/td><td class=\"has-text-align-center\" data-align=\"center\"><strong><span style=\"color:#992323\" class=\"has-inline-color\">398 euros<\/span><\/strong><br>(7.96 euros\/h)<\/td><\/tr><tr><td class=\"has-text-align-center\" data-align=\"center\"><img loading=\"lazy\" width=\"956\" height=\"1458\" class=\"wp-image-1173\" style=\"width: 60px;\" src=\"http:\/\/lesateliersdelena.net\/wp-content\/uploads\/2020\/10\/20190626_155337X-T.jpg\" alt=\"\" srcset=\"https:\/\/lesateliersdelena.net\/wp-content\/uploads\/2020\/10\/20190626_155337X-T.jpg 956w, https:\/\/lesateliersdelena.net\/wp-content\/uploads\/2020\/10\/20190626_155337X-T-197x300.jpg 197w, https:\/\/lesateliersdelena.net\/wp-content\/uploads\/2020\/10\/20190626_155337X-T-671x1024.jpg 671w, https:\/\/lesateliersdelena.net\/wp-content\/uploads\/2020\/10\/20190626_155337X-T-768x1171.jpg 768w\" sizes=\"(max-width: 956px) 100vw, 956px\" \/><\/td><td class=\"has-text-align-center\" data-align=\"center\">10 &#8211; 13<\/td><td class=\"has-text-align-center\" data-align=\"center\">Mercredi<\/td><td class=\"has-text-align-center\" data-align=\"center\">14h &#8211; 16h<\/td><td class=\"has-text-align-center\" data-align=\"center\"><span style=\"color:#992323\" class=\"has-inline-color\"><strong>398 euros<\/strong><\/span><br>(7.96 euros\/h)<\/td><\/tr><tr><td class=\"has-text-align-center\" data-align=\"center\"><img loading=\"lazy\" width=\"956\" height=\"1458\" class=\"wp-image-1154\" style=\"width: 60px;\" src=\"http:\/\/lesateliersdelena.net\/wp-content\/uploads\/2020\/10\/20190626_155337-P.jpg\" alt=\"\" srcset=\"https:\/\/lesateliersdelena.net\/wp-content\/uploads\/2020\/10\/20190626_155337-P.jpg 956w, https:\/\/lesateliersdelena.net\/wp-content\/uploads\/2020\/10\/20190626_155337-P-197x300.jpg 197w, https:\/\/lesateliersdelena.net\/wp-content\/uploads\/2020\/10\/20190626_155337-P-671x1024.jpg 671w, https:\/\/lesateliersdelena.net\/wp-content\/uploads\/2020\/10\/20190626_155337-P-768x1171.jpg 768w\" sizes=\"(max-width: 956px) 100vw, 956px\" \/><\/td><td class=\"has-text-align-center\" data-align=\"center\">13 &#8211; 17<\/td><td class=\"has-text-align-center\" data-align=\"center\">Mercredi<\/td><td class=\"has-text-align-center\" data-align=\"center\">18h &#8211; 20h<\/td><td class=\"has-text-align-center\" data-align=\"center\"><strong><span style=\"color:#992323\" class=\"has-inline-color\">398 euros<\/span><\/strong><br>(7.96 euros\/h)<\/td><\/tr><\/tbody><\/table><\/figure>\n\n\n\n<p>Tous les mat\u00e9riels&nbsp; et outils sont gratuits et disponibles \u00e0 l\u2019atelier. <\/p>\n\n\n\n<ul><li>Nombre minimum d\u2019\u00e9l\u00e8ves par cours : 4<\/li><li>Nombre maximum d\u2019\u00e9l\u00e8ves par cours : 8<\/li><\/ul>\n\n\n\n<div class=\"wp-block-buttons\">\n<div class=\"wp-block-button\"><a class=\"wp-block-button__link has-white-color has-vivid-cyan-blue-to-vivid-purple-gradient-background has-text-color has-background\" href=\"http:\/\/lesateliersdelena.net\/index.php\/cours-juniors\/dessin-juniors\/planning-dessin-juniors\/\" target=\"_blank\" rel=\"noreferrer noopener\">Les Plannings des Cours, c&rsquo;est ICI&#8230;<\/a><\/div>\n<\/div>\n\n\n\n<p><\/p>\n","protected":false},"excerpt":{"rendered":"<p>DESSIN JUNIORS Depuis tout petit, il\/elle passe son temps \u00e0 dessiner, peindre, crayonner, colorier&#8230;. Le professeur de dessin saura discipliner, organiser, sublimer ce talent naissant, &#8230;, qu&rsquo;il ne faut surtout pas laisser s&rsquo;\u00e9chapper. En suivant une progression \u00e9tudi\u00e9e, en adaptant le rythme, le style, la difficult\u00e9, \u00e0 chacun, le professeur transmet toute l&rsquo;acad\u00e9mie du dessin, [&hellip;]<\/p>\n","protected":false},"author":1,"featured_media":0,"parent":1151,"menu_order":2,"comment_status":"closed","ping_status":"closed","template":"","meta":[],"_links":{"self":[{"href":"https:\/\/lesateliersdelena.net\/index.php\/wp-json\/wp\/v2\/pages\/1148"}],"collection":[{"href":"https:\/\/lesateliersdelena.net\/index.php\/wp-json\/wp\/v2\/pages"}],"about":[{"href":"https:\/\/lesateliersdelena.net\/index.php\/wp-json\/wp\/v2\/types\/page"}],"author":[{"embeddable":true,"href":"https:\/\/lesateliersdelena.net\/index.php\/wp-json\/wp\/v2\/users\/1"}],"replies":[{"embeddable":true,"href":"https:\/\/lesateliersdelena.net\/index.php\/wp-json\/wp\/v2\/comments?post=1148"}],"version-history":[{"count":33,"href":"https:\/\/lesateliersdelena.net\/index.php\/wp-json\/wp\/v2\/pages\/1148\/revisions"}],"predecessor-version":[{"id":3008,"href":"https:\/\/lesateliersdelena.net\/index.php\/wp-json\/wp\/v2\/pages\/1148\/revisions\/3008"}],"up":[{"embeddable":true,"href":"https:\/\/lesateliersdelena.net\/index.php\/wp-json\/wp\/v2\/pages\/1151"}],"wp:attachment":[{"href":"https:\/\/lesateliersdelena.net\/index.php\/wp-json\/wp\/v2\/media?parent=1148"}],"curies":[{"name":"wp","href":"https:\/\/api.w.org\/{rel}","templated":true}]}}