{"id":1063,"date":"2020-10-06T17:26:50","date_gmt":"2020-10-06T15:26:50","guid":{"rendered":"http:\/\/lesateliersdelena.site\/?page_id=1063"},"modified":"2021-08-25T11:03:44","modified_gmt":"2021-08-25T09:03:44","slug":"formation-cap-encadreur","status":"publish","type":"page","link":"https:\/\/lesateliersdelena.net\/index.php\/cours-encadrement-cartonnage\/formation-cap-encadreur\/","title":{"rendered":"Formation CAP Encadreur"},"content":{"rendered":"\n<div class=\"wp-block-image\"><figure class=\"alignleft size-medium\"><img loading=\"lazy\" width=\"197\" height=\"300\" src=\"http:\/\/lesateliersdelena.net\/wp-content\/uploads\/2020\/10\/20190626_155337-L-197x300.jpg\" alt=\"\" class=\"wp-image-1073\" srcset=\"https:\/\/lesateliersdelena.net\/wp-content\/uploads\/2020\/10\/20190626_155337-L-197x300.jpg 197w, https:\/\/lesateliersdelena.net\/wp-content\/uploads\/2020\/10\/20190626_155337-L-671x1024.jpg 671w, https:\/\/lesateliersdelena.net\/wp-content\/uploads\/2020\/10\/20190626_155337-L-768x1171.jpg 768w, https:\/\/lesateliersdelena.net\/wp-content\/uploads\/2020\/10\/20190626_155337-L.jpg 956w\" sizes=\"(max-width: 197px) 100vw, 197px\" \/><\/figure><\/div>\n\n\n\n<p class=\"has-white-color has-text-color has-background\" style=\"background-color:#992323\"><strong>PREPARATION aux EPREUVES du CAP ENCADREUR<\/strong><\/p>\n\n\n\n<p>Les Ateliers de L\u00e9Na proposent une  pr\u00e9paration aux \u00e9preuves pratiques du <strong>CAP encadreur<\/strong> . <\/p>\n\n\n\n<p><strong>Formation exclusivement pour adulte , en 2&nbsp; ans<\/strong><\/p>\n\n\n\n<p><strong>lieu : Les Ateliers de L\u00e9Na&nbsp; &nbsp;32 rue Delphin Chavatte&nbsp; &nbsp; 62840 Laventie<\/strong> <strong>Pas de Calais<\/strong><\/p>\n\n\n\n<p><\/p>\n\n\n\n<h4><strong><span class=\"has-inline-color has-vivid-red-color\">Programme de 1\u00e8re ann\u00e9e : <\/span><\/strong><\/h4>\n\n\n\n<ul><li><strong>initiation lavis , ouvertures biseaut\u00e9es en forme \u00e0 main lev\u00e9e, gainages et fermetures \u00e0 onglet papier<\/strong><\/li><\/ul>\n\n\n\n<h4><strong><span class=\"has-inline-color has-vivid-red-color\">Programme 2nde ann\u00e9e :<\/span><\/strong><\/h4>\n\n\n\n<ul><li><strong> programme examen et pr\u00e9paration \u00e0 l&rsquo;\u00e9preuve &lsquo;histoire de l&rsquo;art\u00a0\u00bb<\/strong><\/li><\/ul>\n\n\n\n<h4><strong><span class=\"has-inline-color has-vivid-red-color\">M\u00e9thodologie :<\/span><\/strong><\/h4>\n\n\n\n<ul><li><strong> 2 techniques par s\u00e9ances de 6h. Demande de r\u00e9aliser, dans la quinzaine, 2 cadres exploitant les techniques abord\u00e9es, cadres finis avec fermeture \u00e0 onglet.<\/strong><\/li><\/ul>\n\n\n\n<ul><li><strong>2 examens de 6h en premi\u00e8re ann\u00e9e; 1 examen de 20 h, type examen final, en deuxi\u00e8me ann\u00e9e.<\/strong><\/li><\/ul>\n\n\n\n<ul><li><strong>Rythme : 1 journ\u00e9e de 6h tous les 15 jours en dehors des vacances scolaires de septembre en juin, plus 2.5 jours pour l&rsquo;examen blanc de 2\u00e8me ann\u00e9e.<\/strong><\/li><\/ul>\n\n\n\n<h5 class=\"has-text-align-center\"><strong><span class=\"has-inline-color has-luminous-vivid-orange-color\">Cette formation exigeante n\u00e9cessite une forte motivation <\/span><\/strong><\/h5>\n\n\n\n<h5 class=\"has-text-align-center\"><strong><span class=\"has-inline-color has-luminous-vivid-orange-color\">et un travail personnel cons\u00e9quent.<\/span><\/strong><\/h5>\n\n\n\n<p><\/p>\n\n\n\n<p><em><strong>Pour obtenir l&rsquo;ensemble des conditions, le programme&#8230;<\/strong> <strong>contacter les Ateliers de L\u00e9Na<\/strong>.  <strong>Inscription AVANT fin JUIN<\/strong> <strong>pour une rentr\u00e9e&nbsp;d\u00e9but septembre de la m\u00eame ann\u00e9e&nbsp;<\/strong><\/em><\/p>\n","protected":false},"excerpt":{"rendered":"<p>PREPARATION aux EPREUVES du CAP ENCADREUR Les Ateliers de L\u00e9Na proposent une pr\u00e9paration aux \u00e9preuves pratiques du CAP encadreur . Formation exclusivement pour adulte , en 2&nbsp; ans lieu : Les Ateliers de L\u00e9Na&nbsp; &nbsp;32 rue Delphin Chavatte&nbsp; &nbsp; 62840 Laventie Pas de Calais Programme de 1\u00e8re ann\u00e9e : initiation lavis , ouvertures biseaut\u00e9es en [&hellip;]<\/p>\n","protected":false},"author":1,"featured_media":0,"parent":1350,"menu_order":2,"comment_status":"closed","ping_status":"closed","template":"","meta":[],"_links":{"self":[{"href":"https:\/\/lesateliersdelena.net\/index.php\/wp-json\/wp\/v2\/pages\/1063"}],"collection":[{"href":"https:\/\/lesateliersdelena.net\/index.php\/wp-json\/wp\/v2\/pages"}],"about":[{"href":"https:\/\/lesateliersdelena.net\/index.php\/wp-json\/wp\/v2\/types\/page"}],"author":[{"embeddable":true,"href":"https:\/\/lesateliersdelena.net\/index.php\/wp-json\/wp\/v2\/users\/1"}],"replies":[{"embeddable":true,"href":"https:\/\/lesateliersdelena.net\/index.php\/wp-json\/wp\/v2\/comments?post=1063"}],"version-history":[{"count":11,"href":"https:\/\/lesateliersdelena.net\/index.php\/wp-json\/wp\/v2\/pages\/1063\/revisions"}],"predecessor-version":[{"id":2209,"href":"https:\/\/lesateliersdelena.net\/index.php\/wp-json\/wp\/v2\/pages\/1063\/revisions\/2209"}],"up":[{"embeddable":true,"href":"https:\/\/lesateliersdelena.net\/index.php\/wp-json\/wp\/v2\/pages\/1350"}],"wp:attachment":[{"href":"https:\/\/lesateliersdelena.net\/index.php\/wp-json\/wp\/v2\/media?parent=1063"}],"curies":[{"name":"wp","href":"https:\/\/api.w.org\/{rel}","templated":true}]}}