{"id":10,"date":"2020-05-01T17:47:19","date_gmt":"2020-05-01T15:47:19","guid":{"rendered":"http:\/\/lesateliersdelena.site\/?page_id=10"},"modified":"2025-05-13T08:43:50","modified_gmt":"2025-05-13T06:43:50","slug":"acrylique","status":"publish","type":"page","link":"https:\/\/lesateliersdelena.net\/index.php\/cours-beaux-arts\/acrylique\/","title":{"rendered":"Cours Acrylique Adulte"},"content":{"rendered":"\n<div class=\"wp-block-image\"><figure class=\"alignleft size-medium is-resized\"><img loading=\"lazy\" src=\"http:\/\/lesateliersdelena.net\/wp-content\/uploads\/2020\/10\/20190626_155337-F-197x300.jpg\" alt=\"\" class=\"wp-image-1009\" width=\"205\" height=\"313\" srcset=\"https:\/\/lesateliersdelena.net\/wp-content\/uploads\/2020\/10\/20190626_155337-F-197x300.jpg 197w, https:\/\/lesateliersdelena.net\/wp-content\/uploads\/2020\/10\/20190626_155337-F-671x1024.jpg 671w, https:\/\/lesateliersdelena.net\/wp-content\/uploads\/2020\/10\/20190626_155337-F-768x1171.jpg 768w, https:\/\/lesateliersdelena.net\/wp-content\/uploads\/2020\/10\/20190626_155337-F.jpg 956w\" sizes=\"(max-width: 205px) 100vw, 205px\" \/><\/figure><\/div>\n\n\n\n<p class=\"has-very-light-gray-color has-text-color has-background\" style=\"background-color:#992323;font-size:29px\"><strong>ACRYLIQUE Adulte<\/strong><\/p>\n\n\n\n<p>Avec p\u00e9dagogie, passion, et cr\u00e9ativit\u00e9, Votre Professeure, artiste professionnelle, vous accompagne, d\u00e9butant et\/ou confirm\u00e9, pour am\u00e9liorer votre technique, affirmer votre personnalit\u00e9, tout en pr\u00e9servant le plaisir de la cr\u00e9ation.<\/p>\n\n\n\n<div class=\"wp-block-buttons is-content-justification-right\">\n<div class=\"wp-block-button is-style-fill\"><a class=\"wp-block-button__link has-blush-bordeaux-gradient-background has-background\" href=\"http:\/\/lesateliersdelena.net\/index.php\/cours-beaux-arts\/acrylique\/galerie-acrylique\/\" target=\"_blank\" rel=\"noreferrer noopener\">La Galerie Photos, c&rsquo;est ICI<\/a><\/div>\n<\/div>\n\n\n\n<div class=\"wp-block-group\"><div class=\"wp-block-group__inner-container\">\n<p class=\"has-very-dark-gray-color has-text-color\">Les cours ACRYLIQYE sont r\u00e9partis sur <strong>15 s\u00e9ances de 2h30 ou 3h<\/strong>, d&rsquo;Octobre 2025 \u00e0 Juin 2026 , une semaine sur deux.<\/p>\n<\/div><\/div>\n\n\n\n<p><\/p>\n\n\n\n<div class=\"wp-block-group\"><div class=\"wp-block-group__inner-container\">\n<figure class=\"wp-block-table is-style-regular\"><table class=\"has-background\" style=\"background-color:#f3f4f5\"><thead><tr><th class=\"has-text-align-center\" data-align=\"center\"><span style=\"color:#992323\" class=\"has-inline-color\"><strong><em>ACRYLIQUE <\/em><\/strong><\/span><br><span style=\"color:#992323\" class=\"has-inline-color\"><strong><em>ADULTE<\/em><\/strong><\/span><\/th><th class=\"has-text-align-center\" data-align=\"center\"><span class=\"has-inline-color has-very-dark-gray-color\"><em><strong>Jour<\/strong><\/em><\/span><\/th><th class=\"has-text-align-center\" data-align=\"center\">Horaire<\/th><th class=\"has-text-align-center\" data-align=\"center\">Tarif<\/th><\/tr><\/thead><tbody><tr><td class=\"has-text-align-center\" data-align=\"center\"><img loading=\"lazy\" width=\"2256\" height=\"2232\" class=\"wp-image-250\" style=\"width: 70px;\" src=\"http:\/\/lesateliersdelena.net\/wp-content\/uploads\/2020\/05\/DSC_0031-copie.jpg\" alt=\"\" srcset=\"https:\/\/lesateliersdelena.net\/wp-content\/uploads\/2020\/05\/DSC_0031-copie.jpg 2256w, https:\/\/lesateliersdelena.net\/wp-content\/uploads\/2020\/05\/DSC_0031-copie-300x297.jpg 300w, https:\/\/lesateliersdelena.net\/wp-content\/uploads\/2020\/05\/DSC_0031-copie-1024x1013.jpg 1024w, https:\/\/lesateliersdelena.net\/wp-content\/uploads\/2020\/05\/DSC_0031-copie-768x760.jpg 768w, https:\/\/lesateliersdelena.net\/wp-content\/uploads\/2020\/05\/DSC_0031-copie-1536x1520.jpg 1536w, https:\/\/lesateliersdelena.net\/wp-content\/uploads\/2020\/05\/DSC_0031-copie-2048x2026.jpg 2048w\" sizes=\"(max-width: 2256px) 100vw, 2256px\" \/><\/td><td class=\"has-text-align-center\" data-align=\"center\"><strong><em>Lundi<\/em><\/strong><\/td><td class=\"has-text-align-center\" data-align=\"center\">14h &#8211; 16h30<\/td><td class=\"has-text-align-center\" data-align=\"center\"><span style=\"color:#992323\" class=\"has-inline-color\"><strong>385 euros<\/strong><\/span><br>(10.3 euros\/h)<\/td><\/tr><tr><td class=\"has-text-align-center\" data-align=\"center\"><img loading=\"lazy\" width=\"2282\" height=\"2166\" class=\"wp-image-249\" style=\"width: 70px;\" src=\"http:\/\/lesateliersdelena.net\/wp-content\/uploads\/2020\/05\/DSC_0024-copiepetit-1.jpg\" alt=\"\" srcset=\"https:\/\/lesateliersdelena.net\/wp-content\/uploads\/2020\/05\/DSC_0024-copiepetit-1.jpg 2282w, https:\/\/lesateliersdelena.net\/wp-content\/uploads\/2020\/05\/DSC_0024-copiepetit-1-300x285.jpg 300w, https:\/\/lesateliersdelena.net\/wp-content\/uploads\/2020\/05\/DSC_0024-copiepetit-1-1024x972.jpg 1024w, https:\/\/lesateliersdelena.net\/wp-content\/uploads\/2020\/05\/DSC_0024-copiepetit-1-768x729.jpg 768w, https:\/\/lesateliersdelena.net\/wp-content\/uploads\/2020\/05\/DSC_0024-copiepetit-1-1536x1458.jpg 1536w, https:\/\/lesateliersdelena.net\/wp-content\/uploads\/2020\/05\/DSC_0024-copiepetit-1-2048x1944.jpg 2048w\" sizes=\"(max-width: 2282px) 100vw, 2282px\" \/><\/td><td class=\"has-text-align-center\" data-align=\"center\"><strong><em>Lundi<\/em><\/strong><\/td><td class=\"has-text-align-center\" data-align=\"center\">18h30 &#8211; 21h<\/td><td class=\"has-text-align-center\" data-align=\"center\"><strong><span style=\"color:#992323\" class=\"has-inline-color\">385 euros<\/span><\/strong><br>(10.3 euros\/h)<\/td><\/tr><tr><td class=\"has-text-align-center\" data-align=\"center\"><img loading=\"lazy\" width=\"2560\" height=\"2111\" class=\"wp-image-1914\" style=\"width: 70px;\" src=\"http:\/\/lesateliersdelena.net\/wp-content\/uploads\/2020\/10\/DSC_0367-scaled.jpg\" alt=\"\" srcset=\"https:\/\/lesateliersdelena.net\/wp-content\/uploads\/2020\/10\/DSC_0367-scaled.jpg 2560w, https:\/\/lesateliersdelena.net\/wp-content\/uploads\/2020\/10\/DSC_0367-300x247.jpg 300w, https:\/\/lesateliersdelena.net\/wp-content\/uploads\/2020\/10\/DSC_0367-1024x844.jpg 1024w, https:\/\/lesateliersdelena.net\/wp-content\/uploads\/2020\/10\/DSC_0367-768x633.jpg 768w, https:\/\/lesateliersdelena.net\/wp-content\/uploads\/2020\/10\/DSC_0367-1536x1266.jpg 1536w, https:\/\/lesateliersdelena.net\/wp-content\/uploads\/2020\/10\/DSC_0367-2048x1689.jpg 2048w\" sizes=\"(max-width: 2560px) 100vw, 2560px\" \/><\/td><td class=\"has-text-align-center\" data-align=\"center\"><strong><em>M<\/em>ercredi<\/strong><\/td><td class=\"has-text-align-center\" data-align=\"center\">9h &#8211; 11h30<\/td><td class=\"has-text-align-center\" data-align=\"center\"><strong><span style=\"color:#992323\" class=\"has-inline-color\">385 eur<\/span>os<\/strong><br>(10.3 euros\/h)<\/td><\/tr><tr><td class=\"has-text-align-center\" data-align=\"center\"><img loading=\"lazy\" width=\"2119\" height=\"2560\" class=\"wp-image-235\" style=\"width: 60px;\" src=\"http:\/\/lesateliersdelena.net\/wp-content\/uploads\/2020\/05\/20180629_151714-scaled.jpg\" alt=\"\" srcset=\"https:\/\/lesateliersdelena.net\/wp-content\/uploads\/2020\/05\/20180629_151714-scaled.jpg 2119w, https:\/\/lesateliersdelena.net\/wp-content\/uploads\/2020\/05\/20180629_151714-248x300.jpg 248w, https:\/\/lesateliersdelena.net\/wp-content\/uploads\/2020\/05\/20180629_151714-848x1024.jpg 848w, https:\/\/lesateliersdelena.net\/wp-content\/uploads\/2020\/05\/20180629_151714-768x928.jpg 768w, https:\/\/lesateliersdelena.net\/wp-content\/uploads\/2020\/05\/20180629_151714-1272x1536.jpg 1272w, https:\/\/lesateliersdelena.net\/wp-content\/uploads\/2020\/05\/20180629_151714-1695x2048.jpg 1695w\" sizes=\"(max-width: 2119px) 100vw, 2119px\" \/><\/td><td class=\"has-text-align-center\" data-align=\"center\"><strong><em>Samedi<\/em><\/strong><\/td><td class=\"has-text-align-center\" data-align=\"center\">9h &#8211; 11h30<\/td><td class=\"has-text-align-center\" data-align=\"center\"><strong><span style=\"color:#992323\" class=\"has-inline-color\">385 euros<\/span><\/strong><br>(10.3 euros\/h)<\/td><\/tr><\/tbody><\/table><\/figure>\n\n\n\n<div class=\"wp-block-group\"><div class=\"wp-block-group__inner-container\"><\/div><\/div>\n\n\n\n<div class=\"wp-block-group\"><div class=\"wp-block-group__inner-container\"><\/div><\/div>\n<\/div><\/div>\n\n\n\n<p>Tous les<strong> mat\u00e9riels&nbsp; (pinceaux, acrylique, etc.)<\/strong> sont disponibles \u00e0 l&rsquo;atelier. Les <strong>supports (ch\u00e2ssis)<\/strong> sont \u00e0 la charge de l&rsquo;\u00e9l\u00e8ve.<\/p>\n\n\n\n<ul><li>Nombre minimum d&rsquo;\u00e9l\u00e8ves par cours : 6<\/li><li>Nombre maximum d&rsquo;\u00e9l\u00e8ves par cours : 8.<\/li><\/ul>\n\n\n\n<p><em>Les Ateliers de L\u00e9Na se r\u00e9servent le droit d&rsquo;annuler un cours annonc\u00e9 si le nombre d&rsquo;inscrits est inf\u00e9rieur au minimum fix\u00e9.&nbsp; &nbsp; &nbsp; &nbsp; &nbsp;<\/em><\/p>\n\n\n\n<div class=\"wp-block-buttons is-content-justification-right\"><\/div>\n\n\n\n<div class=\"wp-block-group\"><div class=\"wp-block-group__inner-container\">\n<div class=\"wp-block-group\"><div class=\"wp-block-group__inner-container\">\n<div class=\"wp-block-buttons\">\n<div class=\"wp-block-button\"><a class=\"wp-block-button__link has-white-color has-vivid-cyan-blue-to-vivid-purple-gradient-background has-text-color has-background\" href=\"http:\/\/lesateliersdelena.net\/index.php\/planning-cours-acrylique-adulte\/\" target=\"_blank\" rel=\"noreferrer noopener\">Les Plannings Acrylique Adulte, c&rsquo;est ICI&#8230;<\/a><\/div>\n<\/div>\n<\/div><\/div>\n<\/div><\/div>\n\n\n\n<p><\/p>\n","protected":false},"excerpt":{"rendered":"<p>ACRYLIQUE Adulte Avec p\u00e9dagogie, passion, et cr\u00e9ativit\u00e9, Votre Professeure, artiste professionnelle, vous accompagne, d\u00e9butant et\/ou confirm\u00e9, pour am\u00e9liorer votre technique, affirmer votre personnalit\u00e9, tout en pr\u00e9servant le plaisir de la cr\u00e9ation. ACRYLIQUE ADULTE Jour Horaire Tarif Lundi 14h &#8211; 16h30 385 euros(10.3 euros\/h) Lundi 18h30 &#8211; 21h 385 euros(10.3 euros\/h) Mercredi 9h &#8211; 11h30 385 [&hellip;]<\/p>\n","protected":false},"author":1,"featured_media":0,"parent":375,"menu_order":2,"comment_status":"closed","ping_status":"closed","template":"","meta":[],"_links":{"self":[{"href":"https:\/\/lesateliersdelena.net\/index.php\/wp-json\/wp\/v2\/pages\/10"}],"collection":[{"href":"https:\/\/lesateliersdelena.net\/index.php\/wp-json\/wp\/v2\/pages"}],"about":[{"href":"https:\/\/lesateliersdelena.net\/index.php\/wp-json\/wp\/v2\/types\/page"}],"author":[{"embeddable":true,"href":"https:\/\/lesateliersdelena.net\/index.php\/wp-json\/wp\/v2\/users\/1"}],"replies":[{"embeddable":true,"href":"https:\/\/lesateliersdelena.net\/index.php\/wp-json\/wp\/v2\/comments?post=10"}],"version-history":[{"count":134,"href":"https:\/\/lesateliersdelena.net\/index.php\/wp-json\/wp\/v2\/pages\/10\/revisions"}],"predecessor-version":[{"id":3004,"href":"https:\/\/lesateliersdelena.net\/index.php\/wp-json\/wp\/v2\/pages\/10\/revisions\/3004"}],"up":[{"embeddable":true,"href":"https:\/\/lesateliersdelena.net\/index.php\/wp-json\/wp\/v2\/pages\/375"}],"wp:attachment":[{"href":"https:\/\/lesateliersdelena.net\/index.php\/wp-json\/wp\/v2\/media?parent=10"}],"curies":[{"name":"wp","href":"https:\/\/api.w.org\/{rel}","templated":true}]}}